{"id":4799,"date":"2019-05-22T16:57:49","date_gmt":"2019-05-22T14:57:49","guid":{"rendered":"http:\/\/sharkdigital.one\/agentur\/"},"modified":"2020-03-08T23:25:08","modified_gmt":"2020-03-08T22:25:08","slug":"agentur","status":"publish","type":"page","link":"https:\/\/sharkdigital.one\/de\/agentur\/","title":{"rendered":"Agentur"},"content":{"rendered":"\t\t<div data-elementor-type=\"wp-post\" data-elementor-id=\"4799\" class=\"elementor elementor-4799 elementor-28\" data-elementor-post-type=\"page\">\n\t\t\t\t\t\t<section class=\"elementor-section elementor-top-section elementor-element elementor-element-3677df5 elementor-section-boxed elementor-section-height-default elementor-section-height-default\" data-id=\"3677df5\" data-element_type=\"section\">\n\t\t\t\t\t\t<div class=\"elementor-container elementor-column-gap-default\">\n\t\t\t\t\t<div class=\"elementor-column elementor-col-100 elementor-top-column elementor-element elementor-element-220a0fa\" data-id=\"220a0fa\" data-element_type=\"column\">\n\t\t\t<div class=\"elementor-widget-wrap\">\n\t\t\t\t\t\t\t<\/div>\n\t\t<\/div>\n\t\t\t\t\t<\/div>\n\t\t<\/section>\n\t\t\t\t<section class=\"elementor-section elementor-top-section elementor-element elementor-element-2fab50e9 elementor-section-boxed elementor-section-height-default elementor-section-height-default\" data-id=\"2fab50e9\" data-element_type=\"section\">\n\t\t\t\t\t\t<div class=\"elementor-container elementor-column-gap-default\">\n\t\t\t\t\t<div class=\"elementor-column elementor-col-100 elementor-top-column elementor-element elementor-element-4698a896\" data-id=\"4698a896\" data-element_type=\"column\">\n\t\t\t<div class=\"elementor-widget-wrap elementor-element-populated\">\n\t\t\t\t\t\t<div class=\"elementor-element elementor-element-7074ff74 elementor-widget elementor-widget-heading\" data-id=\"7074ff74\" data-element_type=\"widget\" data-widget_type=\"heading.default\">\n\t\t\t\t<div class=\"elementor-widget-container\">\n\t\t\t<h2 class=\"elementor-heading-title elementor-size-default\">Agentur<\/h2>\t\t<\/div>\n\t\t\t\t<\/div>\n\t\t\t\t<div class=\"elementor-element elementor-element-81e515a elementor-widget-divider--view-line elementor-widget elementor-widget-divider\" data-id=\"81e515a\" data-element_type=\"widget\" data-widget_type=\"divider.default\">\n\t\t\t\t<div class=\"elementor-widget-container\">\n\t\t\t\t\t<div class=\"elementor-divider\">\n\t\t\t<span class=\"elementor-divider-separator\">\n\t\t\t\t\t\t<\/span>\n\t\t<\/div>\n\t\t\t\t<\/div>\n\t\t\t\t<\/div>\n\t\t\t\t<div class=\"elementor-element elementor-element-2241f370 elementor-grid-3 elementor-grid-tablet-2 elementor-grid-mobile-1 elementor-posts--thumbnail-top elementor-card-shadow-yes elementor-posts__hover-gradient elementor-widget elementor-widget-posts\" data-id=\"2241f370\" data-element_type=\"widget\" data-settings=\"{&quot;cards_columns&quot;:&quot;3&quot;,&quot;cards_columns_tablet&quot;:&quot;2&quot;,&quot;cards_columns_mobile&quot;:&quot;1&quot;,&quot;cards_row_gap&quot;:{&quot;unit&quot;:&quot;px&quot;,&quot;size&quot;:35,&quot;sizes&quot;:[]},&quot;cards_row_gap_tablet&quot;:{&quot;unit&quot;:&quot;px&quot;,&quot;size&quot;:&quot;&quot;,&quot;sizes&quot;:[]},&quot;cards_row_gap_mobile&quot;:{&quot;unit&quot;:&quot;px&quot;,&quot;size&quot;:&quot;&quot;,&quot;sizes&quot;:[]}}\" data-widget_type=\"posts.cards\">\n\t\t\t\t<div class=\"elementor-widget-container\">\n\t\t\t\t\t<div class=\"elementor-posts-container elementor-posts elementor-posts--skin-cards elementor-grid\">\n\t\t\t\t<article class=\"elementor-post elementor-grid-item post-4766 page type-page status-publish has-post-thumbnail hentry\">\n\t\t\t<div class=\"elementor-post__card\">\n\t\t\t\t<a class=\"elementor-post__thumbnail__link\" href=\"https:\/\/sharkdigital.one\/de\/agentur\/warum-shark-digital\/\" tabindex=\"-1\" ><div class=\"elementor-post__thumbnail\"><img decoding=\"async\" width=\"660\" height=\"313\" src=\"https:\/\/sharkdigital.one\/wp-content\/uploads\/2019\/07\/photo-1516576291981-b64ed8383ba8-1-660x313.jpg\" class=\"attachment-medium size-medium wp-image-1503\" alt=\"\" srcset=\"https:\/\/sharkdigital.one\/wp-content\/uploads\/2019\/07\/photo-1516576291981-b64ed8383ba8-1-660x313.jpg 660w, https:\/\/sharkdigital.one\/wp-content\/uploads\/2019\/07\/photo-1516576291981-b64ed8383ba8-1-768x364.jpg 768w, https:\/\/sharkdigital.one\/wp-content\/uploads\/2019\/07\/photo-1516576291981-b64ed8383ba8-1-1024x485.jpg 1024w, https:\/\/sharkdigital.one\/wp-content\/uploads\/2019\/07\/photo-1516576291981-b64ed8383ba8-1.jpg 1900w\" sizes=\"(max-width: 660px) 100vw, 660px\" \/><\/div><\/a>\n\t\t\t\t<div class=\"elementor-post__text\">\n\t\t\t\t<h3 class=\"elementor-post__title\">\n\t\t\t<a href=\"https:\/\/sharkdigital.one\/de\/agentur\/warum-shark-digital\/\" >\n\t\t\t\tWarum SHARKdigital\t\t\t<\/a>\n\t\t<\/h3>\n\t\t\t\t<div class=\"elementor-post__excerpt\">\n\t\t\t<p>Organische Suchergebnisse und bezahlte Suchergebnisse folgen unterschiedlichen Gesetzen. Dennoch sollten Suchmaschinenoptimierung und Suchmaschinenwerbung nicht als separate Marketing-Kan\u00e4le betrachtet werden, sondern in einer holistischen Google Search-Strategie m\u00fcnden. Vereinfacht<\/p>\n\t\t<\/div>\n\t\t\n\t\t<a class=\"elementor-post__read-more\" href=\"https:\/\/sharkdigital.one\/de\/agentur\/warum-shark-digital\/\" aria-label=\"Read more about Warum SHARKdigital\" tabindex=\"-1\" >\n\t\t\tmehr lesen\t\t<\/a>\n\n\t\t\t\t<\/div>\n\t\t\t\t\t<\/div>\n\t\t<\/article>\n\t\t\t\t<\/div>\n\t\t\n\t\t\t\t<\/div>\n\t\t\t\t<\/div>\n\t\t\t\t\t<\/div>\n\t\t<\/div>\n\t\t\t\t\t<\/div>\n\t\t<\/section>\n\t\t\t\t<\/div>\n\t\t","protected":false},"excerpt":{"rendered":"<p>Organische Suchergebnisse und bezahlte Suchergebnisse folgen unterschiedlichen Gesetzen. Dennoch sollten Suchmaschinenoptimierung und Suchmaschinenwerbung nicht als separate Marketing-Kan\u00e4le betrachtet werden, sondern in einer holistischen Google Search-Strategie m\u00fcnden. Vereinfacht ausgedr\u00fcckt bildet Suchmaschinenoptimierung die Grundlage f\u00fcr jeden erfolgreichen Marktauftritt, der Einsatz von Google Ads\u00a0 rundet die Online-Marketing-Strategie ab und setzt auf rasches und flexibles Erreichen von Werbezielen.\u00a0 \u00dcber [&#8230;]<\/p>\n","protected":false},"author":3,"featured_media":0,"parent":0,"menu_order":0,"comment_status":"closed","ping_status":"closed","template":"elementor_header_footer","meta":{"_monsterinsights_skip_tracking":false,"_monsterinsights_sitenote_active":false,"_monsterinsights_sitenote_note":"","_monsterinsights_sitenote_category":0,"footnotes":""},"acf":[],"yoast_head":"<!-- This site is optimized with the Yoast SEO plugin v22.0 - https:\/\/yoast.com\/wordpress\/plugins\/seo\/ -->\n<title>Agentur - SHARKDIGITAL<\/title>\n<meta name=\"robots\" content=\"index, follow, max-snippet:-1, max-image-preview:large, max-video-preview:-1\" \/>\n<link rel=\"canonical\" href=\"https:\/\/sharkdigital.one\/de\/agentur\/\" \/>\n<meta property=\"og:locale\" content=\"de_DE\" \/>\n<meta property=\"og:type\" content=\"article\" \/>\n<meta property=\"og:title\" content=\"Agentur - SHARKDIGITAL\" \/>\n<meta property=\"og:description\" content=\"Organische Suchergebnisse und bezahlte Suchergebnisse folgen unterschiedlichen Gesetzen. Dennoch sollten Suchmaschinenoptimierung und Suchmaschinenwerbung nicht als separate Marketing-Kan\u00e4le betrachtet werden, sondern in einer holistischen Google Search-Strategie m\u00fcnden. Vereinfacht ausgedr\u00fcckt bildet Suchmaschinenoptimierung die Grundlage f\u00fcr jeden erfolgreichen Marktauftritt, der Einsatz von Google Ads\u00a0 rundet die Online-Marketing-Strategie ab und setzt auf rasches und flexibles Erreichen von Werbezielen.\u00a0 \u00dcber [...]\" \/>\n<meta property=\"og:url\" content=\"https:\/\/sharkdigital.one\/de\/agentur\/\" \/>\n<meta property=\"og:site_name\" content=\"SHARKDIGITAL\" \/>\n<meta property=\"article:modified_time\" content=\"2020-03-08T22:25:08+00:00\" \/>\n<meta name=\"twitter:card\" content=\"summary_large_image\" \/>\n<script type=\"application\/ld+json\" class=\"yoast-schema-graph\">{\"@context\":\"https:\/\/schema.org\",\"@graph\":[{\"@type\":\"WebPage\",\"@id\":\"https:\/\/sharkdigital.one\/de\/agentur\/\",\"url\":\"https:\/\/sharkdigital.one\/de\/agentur\/\",\"name\":\"Agentur - SHARKDIGITAL\",\"isPartOf\":{\"@id\":\"https:\/\/sharkdigital.one\/#website\"},\"datePublished\":\"2019-05-22T14:57:49+00:00\",\"dateModified\":\"2020-03-08T22:25:08+00:00\",\"breadcrumb\":{\"@id\":\"https:\/\/sharkdigital.one\/de\/agentur\/#breadcrumb\"},\"inLanguage\":\"de-DE\",\"potentialAction\":[{\"@type\":\"ReadAction\",\"target\":[\"https:\/\/sharkdigital.one\/de\/agentur\/\"]}]},{\"@type\":\"BreadcrumbList\",\"@id\":\"https:\/\/sharkdigital.one\/de\/agentur\/#breadcrumb\",\"itemListElement\":[{\"@type\":\"ListItem\",\"position\":1,\"name\":\"Startseite\",\"item\":\"https:\/\/sharkdigital.one\/de\/\"},{\"@type\":\"ListItem\",\"position\":2,\"name\":\"Agentur\"}]},{\"@type\":\"WebSite\",\"@id\":\"https:\/\/sharkdigital.one\/#website\",\"url\":\"https:\/\/sharkdigital.one\/\",\"name\":\"SHARKDIGITAL\",\"description\":\"Digitales Know How auf Spitzennnivea unter einem Dach vereint\",\"publisher\":{\"@id\":\"https:\/\/sharkdigital.one\/#organization\"},\"potentialAction\":[{\"@type\":\"SearchAction\",\"target\":{\"@type\":\"EntryPoint\",\"urlTemplate\":\"https:\/\/sharkdigital.one\/?s={search_term_string}\"},\"query-input\":\"required name=search_term_string\"}],\"inLanguage\":\"de-DE\"},{\"@type\":\"Organization\",\"@id\":\"https:\/\/sharkdigital.one\/#organization\",\"name\":\"SHARKDIGITAL\",\"url\":\"https:\/\/sharkdigital.one\/\",\"logo\":{\"@type\":\"ImageObject\",\"inLanguage\":\"de-DE\",\"@id\":\"https:\/\/sharkdigital.one\/#\/schema\/logo\/image\/\",\"url\":\"https:\/\/sharkdigital.one\/wp-content\/uploads\/2019\/05\/logo-sharkdigital.png\",\"contentUrl\":\"https:\/\/sharkdigital.one\/wp-content\/uploads\/2019\/05\/logo-sharkdigital.png\",\"width\":199,\"height\":86,\"caption\":\"SHARKDIGITAL\"},\"image\":{\"@id\":\"https:\/\/sharkdigital.one\/#\/schema\/logo\/image\/\"}}]}<\/script>\n<!-- \/ Yoast SEO plugin. -->","yoast_head_json":{"title":"Agentur - SHARKDIGITAL","robots":{"index":"index","follow":"follow","max-snippet":"max-snippet:-1","max-image-preview":"max-image-preview:large","max-video-preview":"max-video-preview:-1"},"canonical":"https:\/\/sharkdigital.one\/de\/agentur\/","og_locale":"de_DE","og_type":"article","og_title":"Agentur - SHARKDIGITAL","og_description":"Organische Suchergebnisse und bezahlte Suchergebnisse folgen unterschiedlichen Gesetzen. Dennoch sollten Suchmaschinenoptimierung und Suchmaschinenwerbung nicht als separate Marketing-Kan\u00e4le betrachtet werden, sondern in einer holistischen Google Search-Strategie m\u00fcnden. Vereinfacht ausgedr\u00fcckt bildet Suchmaschinenoptimierung die Grundlage f\u00fcr jeden erfolgreichen Marktauftritt, der Einsatz von Google Ads\u00a0 rundet die Online-Marketing-Strategie ab und setzt auf rasches und flexibles Erreichen von Werbezielen.\u00a0 \u00dcber [...]","og_url":"https:\/\/sharkdigital.one\/de\/agentur\/","og_site_name":"SHARKDIGITAL","article_modified_time":"2020-03-08T22:25:08+00:00","twitter_card":"summary_large_image","schema":{"@context":"https:\/\/schema.org","@graph":[{"@type":"WebPage","@id":"https:\/\/sharkdigital.one\/de\/agentur\/","url":"https:\/\/sharkdigital.one\/de\/agentur\/","name":"Agentur - SHARKDIGITAL","isPartOf":{"@id":"https:\/\/sharkdigital.one\/#website"},"datePublished":"2019-05-22T14:57:49+00:00","dateModified":"2020-03-08T22:25:08+00:00","breadcrumb":{"@id":"https:\/\/sharkdigital.one\/de\/agentur\/#breadcrumb"},"inLanguage":"de-DE","potentialAction":[{"@type":"ReadAction","target":["https:\/\/sharkdigital.one\/de\/agentur\/"]}]},{"@type":"BreadcrumbList","@id":"https:\/\/sharkdigital.one\/de\/agentur\/#breadcrumb","itemListElement":[{"@type":"ListItem","position":1,"name":"Startseite","item":"https:\/\/sharkdigital.one\/de\/"},{"@type":"ListItem","position":2,"name":"Agentur"}]},{"@type":"WebSite","@id":"https:\/\/sharkdigital.one\/#website","url":"https:\/\/sharkdigital.one\/","name":"SHARKDIGITAL","description":"Digitales Know How auf Spitzennnivea unter einem Dach vereint","publisher":{"@id":"https:\/\/sharkdigital.one\/#organization"},"potentialAction":[{"@type":"SearchAction","target":{"@type":"EntryPoint","urlTemplate":"https:\/\/sharkdigital.one\/?s={search_term_string}"},"query-input":"required name=search_term_string"}],"inLanguage":"de-DE"},{"@type":"Organization","@id":"https:\/\/sharkdigital.one\/#organization","name":"SHARKDIGITAL","url":"https:\/\/sharkdigital.one\/","logo":{"@type":"ImageObject","inLanguage":"de-DE","@id":"https:\/\/sharkdigital.one\/#\/schema\/logo\/image\/","url":"https:\/\/sharkdigital.one\/wp-content\/uploads\/2019\/05\/logo-sharkdigital.png","contentUrl":"https:\/\/sharkdigital.one\/wp-content\/uploads\/2019\/05\/logo-sharkdigital.png","width":199,"height":86,"caption":"SHARKDIGITAL"},"image":{"@id":"https:\/\/sharkdigital.one\/#\/schema\/logo\/image\/"}}]}},"_links":{"self":[{"href":"https:\/\/sharkdigital.one\/de\/wp-json\/wp\/v2\/pages\/4799"}],"collection":[{"href":"https:\/\/sharkdigital.one\/de\/wp-json\/wp\/v2\/pages"}],"about":[{"href":"https:\/\/sharkdigital.one\/de\/wp-json\/wp\/v2\/types\/page"}],"author":[{"embeddable":true,"href":"https:\/\/sharkdigital.one\/de\/wp-json\/wp\/v2\/users\/3"}],"replies":[{"embeddable":true,"href":"https:\/\/sharkdigital.one\/de\/wp-json\/wp\/v2\/comments?post=4799"}],"version-history":[{"count":1,"href":"https:\/\/sharkdigital.one\/de\/wp-json\/wp\/v2\/pages\/4799\/revisions"}],"predecessor-version":[{"id":4913,"href":"https:\/\/sharkdigital.one\/de\/wp-json\/wp\/v2\/pages\/4799\/revisions\/4913"}],"wp:attachment":[{"href":"https:\/\/sharkdigital.one\/de\/wp-json\/wp\/v2\/media?parent=4799"}],"curies":[{"name":"wp","href":"https:\/\/api.w.org\/{rel}","templated":true}]}}