{"id":4027,"date":"2019-07-17T13:33:53","date_gmt":"2019-07-17T11:33:53","guid":{"rendered":"http:\/\/sharkdigital.one\/impressum\/"},"modified":"2023-08-30T18:26:04","modified_gmt":"2023-08-30T16:26:04","slug":"impressum","status":"publish","type":"page","link":"https:\/\/sharkdigital.one\/us\/impressum\/","title":{"rendered":"Impressum"},"content":{"rendered":"\t\t<div data-elementor-type=\"wp-post\" data-elementor-id=\"4027\" class=\"elementor elementor-4027 elementor-1356\" data-elementor-post-type=\"page\">\n\t\t\t\t\t\t<section class=\"elementor-section elementor-top-section elementor-element elementor-element-4efe0bdc elementor-section-boxed elementor-section-height-default elementor-section-height-default\" data-id=\"4efe0bdc\" data-element_type=\"section\" data-settings=\"{&quot;background_background&quot;:&quot;classic&quot;}\">\n\t\t\t\t\t\t<div class=\"elementor-container elementor-column-gap-no\">\n\t\t\t\t\t<div class=\"elementor-column elementor-col-100 elementor-top-column elementor-element elementor-element-3cc0475c\" data-id=\"3cc0475c\" data-element_type=\"column\">\n\t\t\t<div class=\"elementor-widget-wrap elementor-element-populated\">\n\t\t\t\t\t\t<div class=\"elementor-element elementor-element-132fa0b8 elementor-widget elementor-widget-heading\" data-id=\"132fa0b8\" data-element_type=\"widget\" data-widget_type=\"heading.default\">\n\t\t\t\t<div class=\"elementor-widget-container\">\n\t\t\t<h2 class=\"elementor-heading-title elementor-size-default\"><b>I<\/b><b>mpressum <\/b><\/h2>\t\t<\/div>\n\t\t\t\t<\/div>\n\t\t\t\t<div class=\"elementor-element elementor-element-4416fbeb elementor-widget-divider--view-line elementor-widget elementor-widget-divider\" data-id=\"4416fbeb\" data-element_type=\"widget\" data-widget_type=\"divider.default\">\n\t\t\t\t<div class=\"elementor-widget-container\">\n\t\t\t\t\t<div class=\"elementor-divider\">\n\t\t\t<span class=\"elementor-divider-separator\">\n\t\t\t\t\t\t<\/span>\n\t\t<\/div>\n\t\t\t\t<\/div>\n\t\t\t\t<\/div>\n\t\t\t\t<div class=\"elementor-element elementor-element-e75ddb6 elementor-widget elementor-widget-text-editor\" data-id=\"e75ddb6\" data-element_type=\"widget\" data-widget_type=\"text-editor.default\">\n\t\t\t\t<div class=\"elementor-widget-container\">\n\t\t\t\t\t\t\t<h2>Medieninhaber und Herausgeber von sharkdigital.one<\/h2><h3>F\u00fcr den Inhalt verantwortlich:<\/h3><div><p>Mag. Rene Detter<\/p><p>Unternehmensgegenstand: Werbeagentur<br \/>Sitz: Leopold-Ungar-Platz 2, 1190 Wien<br \/>Beh\u00f6rde gem. ECG (E-Commerce Gesetz):\u00a0 Magistratisches Bezirksamt des XIX. Bezirkes<br \/>UID Nr.: ATU61909028<br \/>Tel: +43 (0)699 11 60 42 20<br \/>E-Mail: rd (at) sharkdigital.one<br \/>Web: sharkdigital.one<\/p><\/div><h3>\u00a0<\/h3><h3>Haftung f\u00fcr Inhalte dieser Webseite<\/h3><p>Wir entwickeln die Inhalte dieser Webseite st\u00e4ndig weiter und bem\u00fchen uns korrekte und aktuelle Informationen bereitzustellen. Leider k\u00f6nnen wir keine Haftung f\u00fcr die Korrektheit aller Inhalte auf dieser Webseite \u00fcbernehmen, speziell f\u00fcr jene die seitens Dritter bereitgestellt wurden.<\/p><p>Sollten Ihnen problematische oder rechtswidrige Inhalte auffallen, bitten wir Sie uns umgehend zu kontaktieren, Sie finden die Kontaktdaten im Impressum.<\/p><h3>Haftung f\u00fcr Links auf dieser Webseite<\/h3><p>Unsere Webseite enth\u00e4lt Links zu anderen Webseiten f\u00fcr deren Inhalt wir nicht verantwortlich sind. Haftung f\u00fcr verlinkte Websites besteht laut\u00a0\u00a7 17 ECG\u00a0f\u00fcr uns nicht, da wir keine Kenntnis rechtswidriger T\u00e4tigkeiten hatten und haben, uns solche Rechtswidrigkeiten auch bisher nicht aufgefallen sind und wir Links sofort entfernen w\u00fcrden, wenn uns Rechtswidrigkeiten bekannt werden.<\/p><p>Wenn Ihnen rechtswidrige Links auf unserer Website auffallen, bitten wir Sie uns zu kontaktieren, Sie finden die Kontaktdaten im Impressum.<\/p><h3>Urheberrechtshinweis<\/h3><p>Alle Inhalte dieser Webseite (Bilder, Fotos, Texte, Videos) unterliegen dem Urheberrecht. Falls notwendig, werden wir die unerlaubte Nutzung von Teilen der Inhalte unserer Seite rechtlich verfolgen.<\/p><p>Sollten Sie auf dieser Webseite Inhalte finden, die das Urheberrecht verletzen, bitten wir Sie uns zu kontaktieren.<\/p><h3>Bildernachweis<\/h3><p>Die Bilder, Fotos und Grafiken auf dieser Webseite sind urheberrechtlich gesch\u00fctzt<\/p>\t\t\t\t\t\t<\/div>\n\t\t\t\t<\/div>\n\t\t\t\t\t<\/div>\n\t\t<\/div>\n\t\t\t\t\t<\/div>\n\t\t<\/section>\n\t\t\t\t<\/div>\n\t\t","protected":false},"excerpt":{"rendered":"<p>Mag. Rene Detter Unternehmensgegenstand: WerbeagenturSitz: Leopold-Ungar-Platz 2, 1190 WienBeh\u00f6rde gem. ECG (E-Commerce Gesetz):\u00a0 Magistratisches Bezirksamt des XIX. BezirkesUID Nr.: ATU61909028Tel: +43 (0)699 11 60 42 20E-Mail: rd (at) sharkdigital.oneWeb: sharkdigital.one Wir entwickeln die Inhalte dieser Webseite st\u00e4ndig weiter und bem\u00fchen uns korrekte und aktuelle Informationen bereitzustellen. Leider k\u00f6nnen wir keine Haftung f\u00fcr die Korrektheit aller [&#8230;]<\/p>\n","protected":false},"author":4,"featured_media":0,"parent":0,"menu_order":0,"comment_status":"closed","ping_status":"closed","template":"elementor_header_footer","meta":{"_monsterinsights_skip_tracking":false,"_monsterinsights_sitenote_active":false,"_monsterinsights_sitenote_note":"","_monsterinsights_sitenote_category":0,"footnotes":""},"acf":[],"yoast_head":"<!-- This site is optimized with the Yoast SEO plugin v22.0 - https:\/\/yoast.com\/wordpress\/plugins\/seo\/ -->\n<title>Impressum - SHARKDIGITAL<\/title>\n<meta name=\"robots\" content=\"index, follow, max-snippet:-1, max-image-preview:large, max-video-preview:-1\" \/>\n<link rel=\"canonical\" href=\"https:\/\/sharkdigital.one\/us\/impressum\/\" \/>\n<meta property=\"og:locale\" content=\"en_US\" \/>\n<meta property=\"og:type\" content=\"article\" \/>\n<meta property=\"og:title\" content=\"Impressum - SHARKDIGITAL\" \/>\n<meta property=\"og:description\" content=\"Mag. Rene Detter Unternehmensgegenstand: WerbeagenturSitz: Leopold-Ungar-Platz 2, 1190 WienBeh\u00f6rde gem. ECG (E-Commerce Gesetz):\u00a0 Magistratisches Bezirksamt des XIX. BezirkesUID Nr.: ATU61909028Tel: +43 (0)699 11 60 42 20E-Mail: rd (at) sharkdigital.oneWeb: sharkdigital.one Wir entwickeln die Inhalte dieser Webseite st\u00e4ndig weiter und bem\u00fchen uns korrekte und aktuelle Informationen bereitzustellen. Leider k\u00f6nnen wir keine Haftung f\u00fcr die Korrektheit aller [...]\" \/>\n<meta property=\"og:url\" content=\"https:\/\/sharkdigital.one\/us\/impressum\/\" \/>\n<meta property=\"og:site_name\" content=\"SHARKDIGITAL\" \/>\n<meta property=\"article:modified_time\" content=\"2023-08-30T16:26:04+00:00\" \/>\n<meta name=\"twitter:card\" content=\"summary_large_image\" \/>\n<meta name=\"twitter:label1\" content=\"Est. reading time\" \/>\n\t<meta name=\"twitter:data1\" content=\"2 minutes\" \/>\n<script type=\"application\/ld+json\" class=\"yoast-schema-graph\">{\"@context\":\"https:\/\/schema.org\",\"@graph\":[{\"@type\":\"WebPage\",\"@id\":\"https:\/\/sharkdigital.one\/us\/impressum\/\",\"url\":\"https:\/\/sharkdigital.one\/us\/impressum\/\",\"name\":\"Impressum - SHARKDIGITAL\",\"isPartOf\":{\"@id\":\"https:\/\/sharkdigital.one\/#website\"},\"datePublished\":\"2019-07-17T11:33:53+00:00\",\"dateModified\":\"2023-08-30T16:26:04+00:00\",\"breadcrumb\":{\"@id\":\"https:\/\/sharkdigital.one\/us\/impressum\/#breadcrumb\"},\"inLanguage\":\"en-US\",\"potentialAction\":[{\"@type\":\"ReadAction\",\"target\":[\"https:\/\/sharkdigital.one\/us\/impressum\/\"]}]},{\"@type\":\"BreadcrumbList\",\"@id\":\"https:\/\/sharkdigital.one\/us\/impressum\/#breadcrumb\",\"itemListElement\":[{\"@type\":\"ListItem\",\"position\":1,\"name\":\"Startseite\",\"item\":\"https:\/\/sharkdigital.one\/us\/\"},{\"@type\":\"ListItem\",\"position\":2,\"name\":\"Impressum\"}]},{\"@type\":\"WebSite\",\"@id\":\"https:\/\/sharkdigital.one\/#website\",\"url\":\"https:\/\/sharkdigital.one\/\",\"name\":\"SHARKDIGITAL\",\"description\":\"Digitales Know How auf Spitzennnivea unter einem Dach vereint\",\"publisher\":{\"@id\":\"https:\/\/sharkdigital.one\/#organization\"},\"potentialAction\":[{\"@type\":\"SearchAction\",\"target\":{\"@type\":\"EntryPoint\",\"urlTemplate\":\"https:\/\/sharkdigital.one\/?s={search_term_string}\"},\"query-input\":\"required name=search_term_string\"}],\"inLanguage\":\"en-US\"},{\"@type\":\"Organization\",\"@id\":\"https:\/\/sharkdigital.one\/#organization\",\"name\":\"SHARKDIGITAL\",\"url\":\"https:\/\/sharkdigital.one\/\",\"logo\":{\"@type\":\"ImageObject\",\"inLanguage\":\"en-US\",\"@id\":\"https:\/\/sharkdigital.one\/#\/schema\/logo\/image\/\",\"url\":\"https:\/\/sharkdigital.one\/wp-content\/uploads\/2019\/05\/logo-sharkdigital.png\",\"contentUrl\":\"https:\/\/sharkdigital.one\/wp-content\/uploads\/2019\/05\/logo-sharkdigital.png\",\"width\":199,\"height\":86,\"caption\":\"SHARKDIGITAL\"},\"image\":{\"@id\":\"https:\/\/sharkdigital.one\/#\/schema\/logo\/image\/\"}}]}<\/script>\n<!-- \/ Yoast SEO plugin. -->","yoast_head_json":{"title":"Impressum - SHARKDIGITAL","robots":{"index":"index","follow":"follow","max-snippet":"max-snippet:-1","max-image-preview":"max-image-preview:large","max-video-preview":"max-video-preview:-1"},"canonical":"https:\/\/sharkdigital.one\/us\/impressum\/","og_locale":"en_US","og_type":"article","og_title":"Impressum - SHARKDIGITAL","og_description":"Mag. Rene Detter Unternehmensgegenstand: WerbeagenturSitz: Leopold-Ungar-Platz 2, 1190 WienBeh\u00f6rde gem. ECG (E-Commerce Gesetz):\u00a0 Magistratisches Bezirksamt des XIX. BezirkesUID Nr.: ATU61909028Tel: +43 (0)699 11 60 42 20E-Mail: rd (at) sharkdigital.oneWeb: sharkdigital.one Wir entwickeln die Inhalte dieser Webseite st\u00e4ndig weiter und bem\u00fchen uns korrekte und aktuelle Informationen bereitzustellen. Leider k\u00f6nnen wir keine Haftung f\u00fcr die Korrektheit aller [...]","og_url":"https:\/\/sharkdigital.one\/us\/impressum\/","og_site_name":"SHARKDIGITAL","article_modified_time":"2023-08-30T16:26:04+00:00","twitter_card":"summary_large_image","twitter_misc":{"Est. reading time":"2 minutes"},"schema":{"@context":"https:\/\/schema.org","@graph":[{"@type":"WebPage","@id":"https:\/\/sharkdigital.one\/us\/impressum\/","url":"https:\/\/sharkdigital.one\/us\/impressum\/","name":"Impressum - SHARKDIGITAL","isPartOf":{"@id":"https:\/\/sharkdigital.one\/#website"},"datePublished":"2019-07-17T11:33:53+00:00","dateModified":"2023-08-30T16:26:04+00:00","breadcrumb":{"@id":"https:\/\/sharkdigital.one\/us\/impressum\/#breadcrumb"},"inLanguage":"en-US","potentialAction":[{"@type":"ReadAction","target":["https:\/\/sharkdigital.one\/us\/impressum\/"]}]},{"@type":"BreadcrumbList","@id":"https:\/\/sharkdigital.one\/us\/impressum\/#breadcrumb","itemListElement":[{"@type":"ListItem","position":1,"name":"Startseite","item":"https:\/\/sharkdigital.one\/us\/"},{"@type":"ListItem","position":2,"name":"Impressum"}]},{"@type":"WebSite","@id":"https:\/\/sharkdigital.one\/#website","url":"https:\/\/sharkdigital.one\/","name":"SHARKDIGITAL","description":"Digitales Know How auf Spitzennnivea unter einem Dach vereint","publisher":{"@id":"https:\/\/sharkdigital.one\/#organization"},"potentialAction":[{"@type":"SearchAction","target":{"@type":"EntryPoint","urlTemplate":"https:\/\/sharkdigital.one\/?s={search_term_string}"},"query-input":"required name=search_term_string"}],"inLanguage":"en-US"},{"@type":"Organization","@id":"https:\/\/sharkdigital.one\/#organization","name":"SHARKDIGITAL","url":"https:\/\/sharkdigital.one\/","logo":{"@type":"ImageObject","inLanguage":"en-US","@id":"https:\/\/sharkdigital.one\/#\/schema\/logo\/image\/","url":"https:\/\/sharkdigital.one\/wp-content\/uploads\/2019\/05\/logo-sharkdigital.png","contentUrl":"https:\/\/sharkdigital.one\/wp-content\/uploads\/2019\/05\/logo-sharkdigital.png","width":199,"height":86,"caption":"SHARKDIGITAL"},"image":{"@id":"https:\/\/sharkdigital.one\/#\/schema\/logo\/image\/"}}]}},"_links":{"self":[{"href":"https:\/\/sharkdigital.one\/us\/wp-json\/wp\/v2\/pages\/4027"}],"collection":[{"href":"https:\/\/sharkdigital.one\/us\/wp-json\/wp\/v2\/pages"}],"about":[{"href":"https:\/\/sharkdigital.one\/us\/wp-json\/wp\/v2\/types\/page"}],"author":[{"embeddable":true,"href":"https:\/\/sharkdigital.one\/us\/wp-json\/wp\/v2\/users\/4"}],"replies":[{"embeddable":true,"href":"https:\/\/sharkdigital.one\/us\/wp-json\/wp\/v2\/comments?post=4027"}],"version-history":[{"count":13,"href":"https:\/\/sharkdigital.one\/us\/wp-json\/wp\/v2\/pages\/4027\/revisions"}],"predecessor-version":[{"id":6146,"href":"https:\/\/sharkdigital.one\/us\/wp-json\/wp\/v2\/pages\/4027\/revisions\/6146"}],"wp:attachment":[{"href":"https:\/\/sharkdigital.one\/us\/wp-json\/wp\/v2\/media?parent=4027"}],"curies":[{"name":"wp","href":"https:\/\/api.w.org\/{rel}","templated":true}]}}